{"id":7,"date":"2025-09-01T16:57:29","date_gmt":"2025-09-01T16:57:29","guid":{"rendered":"https:\/\/bloody-mary.dk\/?page_id=7"},"modified":"2025-09-01T20:57:12","modified_gmt":"2025-09-01T20:57:12","slug":"bloody-mary","status":"publish","type":"page","link":"https:\/\/bloody-mary.dk\/","title":{"rendered":"Bloody Mary"},"content":{"rendered":"\n<p>En Bloody Mary er en popul\u00e6r cocktail som indeholder vodka, tomatjuice, og som regel andre krydderier eller smagsstoffer s\u00e5som Worcestershire sauce, Tabasco sauce, peberrod, selleri, oliven, salt, sort peber, cayenne peber, citronsaft og selleri salt. Det er blevet kaldt \u201cverdens mest komplekse cocktail.<\/p>\n\n\n\n<p>Til den originale bloody mary skal man selvf\u00f8lge bruge den originale mixer, nemlig&nbsp;Mr. and Mrs T Tomat Juice<\/p>\n\n\n\n<p><strong>Opskrift:<\/strong><\/p>\n\n\n\n<ul class=\"wp-block-list\">\n<li>9 cl&nbsp;<a href=\"https:\/\/bargear.dk\/products\/mr-mrs-t-bloody-mary-mix-24-stk\" target=\"_blank\" rel=\"noreferrer noopener\">Bloody Mary mix<\/a><\/li>\n\n\n\n<li>4,5 cl Vodka<\/li>\n\n\n\n<li>0,5 cl Worcestershire Sauce<\/li>\n\n\n\n<li>Tabasco<\/li>\n\n\n\n<li>Selleri<\/li>\n\n\n\n<li>Sort peber<\/li>\n\n\n\n<li>Salt<\/li>\n<\/ul>\n\n\n\n<p><iframe loading=\"lazy\" title=\"How to make a Bloody Mary Bacon Cocktail\" width=\"790\" height=\"444\" src=\"https:\/\/www.youtube.com\/embed\/rCBdUr--gO8?feature=oembed\" frameborder=\"0\" allow=\"accelerometer; autoplay; clipboard-write; encrypted-media; gyroscope; picture-in-picture; web-share\" referrerpolicy=\"strict-origin-when-cross-origin\" allowfullscreen><\/iframe><\/p>\n\n\n\n<p><strong>Historie:<\/strong><br>Bloody Mary\u00b4s oprindelse er uklar. Fernand Petiot h\u00e6vdede at have opfundet cocktailen i 1921, mens de arbejder p\u00e5 New York Bar i Paris, som senere blev Harrys New York Bar, en hyppig Paris tilholdssted for Ernest Hemingway og andre amerikanske udl\u00e6ndinge.<\/p>\n\n\n\n<p id=\"caption-attachment-69\">&nbsp;<\/p>\n\n\n\n<figure class=\"wp-block-image size-full\"><img loading=\"lazy\" decoding=\"async\" width=\"265\" height=\"265\" src=\"https:\/\/bloody-mary.dk\/wp-content\/uploads\/2025\/09\/bloody-mary-mix-1.jpg\" alt=\"\" class=\"wp-image-15\" srcset=\"https:\/\/bloody-mary.dk\/wp-content\/uploads\/2025\/09\/bloody-mary-mix-1.jpg 265w, https:\/\/bloody-mary.dk\/wp-content\/uploads\/2025\/09\/bloody-mary-mix-1-150x150.jpg 150w\" sizes=\"auto, (max-width: 265px) 100vw, 265px\" \/><\/figure>\n\n\n\n<p><ins><\/ins><br>To andre p\u00e5stande har nogle plausibilitet. Den f\u00f8rste er, at det blev opfundet i 1930\u2019erne p\u00e5 New Yorks 21 Club af en bartender ved navn Henry Zbikiewicz, der er tiltalt blande Bloody Marys. En anden p\u00e5stand tilskriver sin opfindelse til komikeren George Jessel, der frekventerede 21 Club [3] I 1939 trykte Lucius Beebe i hans sladder kolonne Dette New York en af de tidligste amerikanske referencer til denne drik, sammen med den oprindelige opskrift.: \u201cGeorge Jessel nyeste pick-me-up, som modtager opm\u00e6rksomhed fra byens paragraphers kaldes en Bloody Mary:. halv tomatsaft, halv vodka\u201d<\/p>\n\n\n\n<p>Fernand Petiot syntes at bestyrke Jessel p\u00e5stand, n\u00e5r bartender talte til The New Yorker Magazine i juli 1964 sagde:<br>\u201cJeg indledte Bloody Mary i dag,\u201d fortalte han os. \u201cJessel sagde, at han skabte det, men det var virkelig ikke noget, men vodka og tomatjuice, da jeg tog det over. Jeg d\u00e6kke bunden af shakeren med fire store streger af salt, to tankestreger af sort peber, to tankestreger af cayenne peber, og et lag af Worcestershire sauce;. jeg derefter tilf\u00f8je et strejf af citron saft og nogle knust is, satte i to ounces vodka og to ounces tykke tomatjuice, ryste, stamme, og h\u00e6ld Vi serverer en hundrede til et hundrede og halvtreds Bloody Marys en dag her i King Cole Room og i andre restauranter og festlokaler.<\/p>\n\n\n\n<p><strong>Bloody Mary variationer:<\/strong><\/p>\n\n\n\n<ul class=\"wp-block-list\">\n<li>Blodig \u00d8l: \u00d8l, normalt en lys \u00f8l eller pilsner, der erstatter vodka. Ofte serveret med Worcestershire sauce, sort peber, hot sauce, og \/ eller kalk.<\/li>\n\n\n\n<li>Bloody Bishop: Sherry i lige foranstaltning vodka.<\/li>\n\n\n\n<li>Bloody Boyarsky: Grenadine, tabasco sauce, vodka.<\/li>\n\n\n\n<li>Bloody Cab: Cabernet Sauvignon udskiftning \/ foruden vodka.<\/li>\n\n\n\n<li>Bloody Derby: Bourbon erstatter vodka.<\/li>\n\n\n\n<li>Bloody Fairy, R\u00f8d fe: Absinthe erstatte vodka.<\/li>\n\n\n\n<li>Bloody Geisha, Bloody Ninja: Sake erstatter vodka.<\/li>\n\n\n\n<li>Bloody Hillbilly: Moonshine erstatter Vodka<\/li>\n\n\n\n<li>Bloody Hogger:&nbsp;<a href=\"https:\/\/bakonvodka.com\/\" target=\"_blank\" rel=\"noreferrer noopener\">Bacon Vodka<\/a>&nbsp;erstatter vodka.<\/li>\n\n\n\n<li>Bloody Jerry: Erstat vodka med Madra Rua Irish Pub er berusende Veggie Vodka eller anden veggie infused vodka og tils\u00e6t 1 pull (ca. 1\/2 ounce) af Guinness. En variation skabt af en langsigtet kunde af pub.<\/li>\n\n\n\n<li>Bloody Marghioala: tuica (Rum\u00e6nien), som erstatter vodka.<\/li>\n\n\n\n<li>Bloody Maria: Tequila erstatter vodka.<\/li>\n\n\n\n<li>Bloody Mary Jane: Green Dragon erstatter vodka<\/li>\n\n\n\n<li>Bloody Maureen:&nbsp;<a href=\"http:\/\/www.guinness.com\/\" target=\"_blank\" rel=\"noreferrer noopener\">Guinness<\/a>&nbsp;erstatter vodka.<\/li>\n\n\n\n<li>Bloody Molly: Irsk whiskey erstatter vodka.<\/li>\n\n\n\n<li>Bloody Murder: Gin erstatter vodka, sort eddike erstatter Worcestershire sauce, wasabi sauce afl\u00f8ser peberrod, serveret med en cherry tomater gennemboret med en plastik sv\u00e6rd omr\u00f8rer<\/li>\n\n\n\n<li>Bloody Pari: Arak (Aragh-e Sagi) at erstatte vodka<\/li>\n\n\n\n<li>Bloody Philip: Thailand Lao Khao (bogstaveligt hvidlud) 80 proof, ris destilleret, erstatter vodka i lige m\u00e5l<\/li>\n\n\n\n<li>Bloody Pirate, Cubanito: Dark rom erstatter vodka. Sidstn\u00e6vnte er almindeligt forekommende p\u00e5 menuer i Havana, Cuba.<\/li>\n\n\n\n<li>Bloody Sunshine: Syltede agurker stedet for selleri, habenero sauce erstatter tabasco. Opstod i St. Louis, MO.<\/li>\n\n\n\n<li>Bloody Scotsman: skotsk Whiskey istedet for vodka.<\/li>\n\n\n\n<li>Bloody Skliva: Gr\u00e6sk Tsipouro erstatter vodka. Serveres med st\u00e6nger af agurk.<\/li>\n\n\n\n<li>Brown Mary eller Whiskey Mary: Whiskey erstatter vodka.<\/li>\n\n\n\n<li>Danske Mary eller Bloody Dane: Akvavit erstatter vodka.<\/li>\n\n\n\n<li>Michelada Clementina (eller blot \u201cChelada\u201d): Mexicansk \u00f8l erstatter vodka, som regel krydret med et par streger af Worcestershire sauce og Maggi og Tabasco sauce. Normalt lavet med Clamato (tomatsaft med clam juice tilf\u00f8jet). Normalt andelen af \u00f8l er lig med tomatjuice.<\/li>\n\n\n\n<li>Red Eye, Calgary Red Eye eller Saskatchewan Red Eye: Traditionelt \u00f8l erstatter vodka, nu ofte i en 50\/50 blanding med Clamato i stedet for tomatsaft.<\/li>\n\n\n\n<li>Red Hammer: Gennem 1950\u2019erne i det nord\u00f8stlige USA, mens vodka var knappe, gin i stedet for vodka var kendt som en Bloody Mary, n\u00e5r vodka blev let tilg\u00e6ngelige i disse regioner blev den traditionelle vodka-baserede Bloody Mary er kendt som en r\u00f8d Hammer til en tid.<\/li>\n\n\n\n<li>Red Snapper, Bloody Margaret eller Ruddy Mary: Gin erstatter vodka<\/li>\n\n\n\n<li>Jomfru Maria, Bloody Shame, Bloody Virgin eller Bloody Barbara: Uden alkohol. Typisk med en \u00f8get m\u00e6ngde af tomatsaft, vodka blot blev udeladt med ingen erstatning. \u201cJomfru Maria\u201d er almindeligt anvendt i USA, og \u201cBloody Shame\u201d er almindeligt anvendt i Australien. \u201cBloody Barbara\u201d refererer til Barbara Slot, den britiske transportminister, der introducerede skrappere spiritusk\u00f8rsel love.<\/li>\n<\/ul>\n","protected":false},"excerpt":{"rendered":"<p>Leder du efter den bedste Bloody Mary? Med vores Bloody Mary Mix f\u00e5r du en f\u00e6rdigblandet base af tomat, krydderier og syre. Tilf\u00f8j blot vodka og is \u2013 s\u00e5 er den klassiske cocktail klar p\u00e5 ingen tid. Perfekt til b\u00e5de hjemmebaren og professionelle bartendere.<\/p>\n","protected":false},"author":1,"featured_media":18,"parent":0,"menu_order":0,"comment_status":"closed","ping_status":"closed","template":"","meta":{"footnotes":""},"class_list":["post-7","page","type-page","status-publish","has-post-thumbnail","hentry"],"yoast_head":"<!-- This site is optimized with the Yoast SEO plugin v25.8 - https:\/\/yoast.com\/wordpress\/plugins\/seo\/ -->\n<title>Bloody Mary Mix \u2013 Klassisk cocktail gjort nem | Bloody-Mary.dk<\/title>\n<meta name=\"description\" content=\"Oplev den perfekte Bloody Mary. Vores Bloody Mary Mix giver dig den klassiske cocktail p\u00e5 f\u00e5 sekunder \u2013 nemt, l\u00e6kkert og fuld af smag.\" \/>\n<meta name=\"robots\" content=\"index, follow, max-snippet:-1, max-image-preview:large, max-video-preview:-1\" \/>\n<link rel=\"canonical\" href=\"https:\/\/bloody-mary.dk\/\" \/>\n<meta property=\"og:locale\" content=\"da_DK\" \/>\n<meta property=\"og:type\" content=\"article\" \/>\n<meta property=\"og:title\" content=\"Bloody Mary Mix \u2013 Klassisk cocktail gjort nem | Bloody-Mary.dk\" \/>\n<meta property=\"og:description\" content=\"Oplev den perfekte Bloody Mary. Vores Bloody Mary Mix giver dig den klassiske cocktail p\u00e5 f\u00e5 sekunder \u2013 nemt, l\u00e6kkert og fuld af smag.\" \/>\n<meta property=\"og:url\" content=\"https:\/\/bloody-mary.dk\/\" \/>\n<meta property=\"og:site_name\" content=\"Bloody Mary cocktail - Bloody mary cocktail\" \/>\n<meta property=\"article:modified_time\" content=\"2025-09-01T20:57:12+00:00\" \/>\n<meta property=\"og:image\" content=\"https:\/\/bloody-mary.dk\/wp-content\/uploads\/2025\/09\/mmt.jpg\" \/>\n\t<meta property=\"og:image:width\" content=\"600\" \/>\n\t<meta property=\"og:image:height\" content=\"600\" \/>\n\t<meta property=\"og:image:type\" content=\"image\/jpeg\" \/>\n<meta name=\"twitter:card\" content=\"summary_large_image\" \/>\n<meta name=\"twitter:label1\" content=\"Estimeret l\u00e6setid\" \/>\n\t<meta name=\"twitter:data1\" content=\"5 minutter\" \/>\n<script type=\"application\/ld+json\" class=\"yoast-schema-graph\">{\"@context\":\"https:\/\/schema.org\",\"@graph\":[{\"@type\":\"WebPage\",\"@id\":\"https:\/\/bloody-mary.dk\/\",\"url\":\"https:\/\/bloody-mary.dk\/\",\"name\":\"Bloody Mary Mix \u2013 Klassisk cocktail gjort nem | Bloody-Mary.dk\",\"isPartOf\":{\"@id\":\"https:\/\/bloody-mary.dk\/#website\"},\"primaryImageOfPage\":{\"@id\":\"https:\/\/bloody-mary.dk\/#primaryimage\"},\"image\":{\"@id\":\"https:\/\/bloody-mary.dk\/#primaryimage\"},\"thumbnailUrl\":\"https:\/\/bloody-mary.dk\/wp-content\/uploads\/2025\/09\/mmt.jpg\",\"datePublished\":\"2025-09-01T16:57:29+00:00\",\"dateModified\":\"2025-09-01T20:57:12+00:00\",\"description\":\"Oplev den perfekte Bloody Mary. Vores Bloody Mary Mix giver dig den klassiske cocktail p\u00e5 f\u00e5 sekunder \u2013 nemt, l\u00e6kkert og fuld af smag.\",\"breadcrumb\":{\"@id\":\"https:\/\/bloody-mary.dk\/#breadcrumb\"},\"inLanguage\":\"da-DK\",\"potentialAction\":[{\"@type\":\"ReadAction\",\"target\":[\"https:\/\/bloody-mary.dk\/\"]}]},{\"@type\":\"ImageObject\",\"inLanguage\":\"da-DK\",\"@id\":\"https:\/\/bloody-mary.dk\/#primaryimage\",\"url\":\"https:\/\/bloody-mary.dk\/wp-content\/uploads\/2025\/09\/mmt.jpg\",\"contentUrl\":\"https:\/\/bloody-mary.dk\/wp-content\/uploads\/2025\/09\/mmt.jpg\",\"width\":600,\"height\":600,\"caption\":\"Processed By: hkeighton on 03-20-2024 Edited By: sfrey on 03-22-2024\"},{\"@type\":\"BreadcrumbList\",\"@id\":\"https:\/\/bloody-mary.dk\/#breadcrumb\",\"itemListElement\":[{\"@type\":\"ListItem\",\"position\":1,\"name\":\"Hjem\",\"item\":\"https:\/\/bloody-mary.dk\/\"},{\"@type\":\"ListItem\",\"position\":2,\"name\":\"Bloody Mary\"}]},{\"@type\":\"WebSite\",\"@id\":\"https:\/\/bloody-mary.dk\/#website\",\"url\":\"https:\/\/bloody-mary.dk\/\",\"name\":\"Bloody Mary cocktail - Bloody mary cocktail\",\"description\":\"Lav Bloody Mary cocktail. L\u00e6r at lave den l\u00e6kre Bloody Mary drinks opskrift. BloodyMary til dagen derp\u00e5. L\u00e6kker Tomat drinks med Mary mix\",\"potentialAction\":[{\"@type\":\"SearchAction\",\"target\":{\"@type\":\"EntryPoint\",\"urlTemplate\":\"https:\/\/bloody-mary.dk\/?s={search_term_string}\"},\"query-input\":{\"@type\":\"PropertyValueSpecification\",\"valueRequired\":true,\"valueName\":\"search_term_string\"}}],\"inLanguage\":\"da-DK\"}]}<\/script>\n<!-- \/ Yoast SEO plugin. -->","yoast_head_json":{"title":"Bloody Mary Mix \u2013 Klassisk cocktail gjort nem | Bloody-Mary.dk","description":"Oplev den perfekte Bloody Mary. Vores Bloody Mary Mix giver dig den klassiske cocktail p\u00e5 f\u00e5 sekunder \u2013 nemt, l\u00e6kkert og fuld af smag.","robots":{"index":"index","follow":"follow","max-snippet":"max-snippet:-1","max-image-preview":"max-image-preview:large","max-video-preview":"max-video-preview:-1"},"canonical":"https:\/\/bloody-mary.dk\/","og_locale":"da_DK","og_type":"article","og_title":"Bloody Mary Mix \u2013 Klassisk cocktail gjort nem | Bloody-Mary.dk","og_description":"Oplev den perfekte Bloody Mary. Vores Bloody Mary Mix giver dig den klassiske cocktail p\u00e5 f\u00e5 sekunder \u2013 nemt, l\u00e6kkert og fuld af smag.","og_url":"https:\/\/bloody-mary.dk\/","og_site_name":"Bloody Mary cocktail - Bloody mary cocktail","article_modified_time":"2025-09-01T20:57:12+00:00","og_image":[{"width":600,"height":600,"url":"https:\/\/bloody-mary.dk\/wp-content\/uploads\/2025\/09\/mmt.jpg","type":"image\/jpeg"}],"twitter_card":"summary_large_image","twitter_misc":{"Estimeret l\u00e6setid":"5 minutter"},"schema":{"@context":"https:\/\/schema.org","@graph":[{"@type":"WebPage","@id":"https:\/\/bloody-mary.dk\/","url":"https:\/\/bloody-mary.dk\/","name":"Bloody Mary Mix \u2013 Klassisk cocktail gjort nem | Bloody-Mary.dk","isPartOf":{"@id":"https:\/\/bloody-mary.dk\/#website"},"primaryImageOfPage":{"@id":"https:\/\/bloody-mary.dk\/#primaryimage"},"image":{"@id":"https:\/\/bloody-mary.dk\/#primaryimage"},"thumbnailUrl":"https:\/\/bloody-mary.dk\/wp-content\/uploads\/2025\/09\/mmt.jpg","datePublished":"2025-09-01T16:57:29+00:00","dateModified":"2025-09-01T20:57:12+00:00","description":"Oplev den perfekte Bloody Mary. Vores Bloody Mary Mix giver dig den klassiske cocktail p\u00e5 f\u00e5 sekunder \u2013 nemt, l\u00e6kkert og fuld af smag.","breadcrumb":{"@id":"https:\/\/bloody-mary.dk\/#breadcrumb"},"inLanguage":"da-DK","potentialAction":[{"@type":"ReadAction","target":["https:\/\/bloody-mary.dk\/"]}]},{"@type":"ImageObject","inLanguage":"da-DK","@id":"https:\/\/bloody-mary.dk\/#primaryimage","url":"https:\/\/bloody-mary.dk\/wp-content\/uploads\/2025\/09\/mmt.jpg","contentUrl":"https:\/\/bloody-mary.dk\/wp-content\/uploads\/2025\/09\/mmt.jpg","width":600,"height":600,"caption":"Processed By: hkeighton on 03-20-2024 Edited By: sfrey on 03-22-2024"},{"@type":"BreadcrumbList","@id":"https:\/\/bloody-mary.dk\/#breadcrumb","itemListElement":[{"@type":"ListItem","position":1,"name":"Hjem","item":"https:\/\/bloody-mary.dk\/"},{"@type":"ListItem","position":2,"name":"Bloody Mary"}]},{"@type":"WebSite","@id":"https:\/\/bloody-mary.dk\/#website","url":"https:\/\/bloody-mary.dk\/","name":"Bloody Mary cocktail - Bloody mary cocktail","description":"Lav Bloody Mary cocktail. L\u00e6r at lave den l\u00e6kre Bloody Mary drinks opskrift. BloodyMary til dagen derp\u00e5. L\u00e6kker Tomat drinks med Mary mix","potentialAction":[{"@type":"SearchAction","target":{"@type":"EntryPoint","urlTemplate":"https:\/\/bloody-mary.dk\/?s={search_term_string}"},"query-input":{"@type":"PropertyValueSpecification","valueRequired":true,"valueName":"search_term_string"}}],"inLanguage":"da-DK"}]}},"_links":{"self":[{"href":"https:\/\/bloody-mary.dk\/index.php\/wp-json\/wp\/v2\/pages\/7","targetHints":{"allow":["GET"]}}],"collection":[{"href":"https:\/\/bloody-mary.dk\/index.php\/wp-json\/wp\/v2\/pages"}],"about":[{"href":"https:\/\/bloody-mary.dk\/index.php\/wp-json\/wp\/v2\/types\/page"}],"author":[{"embeddable":true,"href":"https:\/\/bloody-mary.dk\/index.php\/wp-json\/wp\/v2\/users\/1"}],"replies":[{"embeddable":true,"href":"https:\/\/bloody-mary.dk\/index.php\/wp-json\/wp\/v2\/comments?post=7"}],"version-history":[{"count":5,"href":"https:\/\/bloody-mary.dk\/index.php\/wp-json\/wp\/v2\/pages\/7\/revisions"}],"predecessor-version":[{"id":17,"href":"https:\/\/bloody-mary.dk\/index.php\/wp-json\/wp\/v2\/pages\/7\/revisions\/17"}],"wp:featuredmedia":[{"embeddable":true,"href":"https:\/\/bloody-mary.dk\/index.php\/wp-json\/wp\/v2\/media\/18"}],"wp:attachment":[{"href":"https:\/\/bloody-mary.dk\/index.php\/wp-json\/wp\/v2\/media?parent=7"}],"curies":[{"name":"wp","href":"https:\/\/api.w.org\/{rel}","templated":true}]}}